{"id":4436,"date":"2024-10-07T12:55:09","date_gmt":"2024-10-07T11:55:09","guid":{"rendered":"https:\/\/bizibermeo.eus\/san-juan-de-gaztelugatxe\/"},"modified":"2026-01-23T14:20:48","modified_gmt":"2026-01-23T13:20:48","slug":"san-juan-de-gaztelugatxe","status":"publish","type":"page","link":"https:\/\/bizibermeo.eus\/fr\/san-juan-de-gaztelugatxe\/","title":{"rendered":"San Juan de Gaztelugatxe"},"content":{"rendered":"\t\t<div data-elementor-type=\"wp-page\" data-elementor-id=\"4436\" class=\"elementor elementor-4436 elementor-121\" data-elementor-post-type=\"page\">\n\t\t\t\t<div class=\"elementor-element elementor-element-4899f7c8 e-con-full e-flex e-con e-child\" data-id=\"4899f7c8\" data-element_type=\"container\" data-e-type=\"container\">\n\t\t<div class=\"elementor-element elementor-element-2501ddd2 e-flex e-con-boxed e-con e-child\" data-id=\"2501ddd2\" data-element_type=\"container\" data-e-type=\"container\" data-settings=\"{&quot;background_background&quot;:&quot;classic&quot;}\">\n\t\t\t\t\t<div class=\"e-con-inner\">\n\t\t\t\t<div class=\"elementor-element elementor-element-770aa844 elementor-widget elementor-widget-heading\" data-id=\"770aa844\" data-element_type=\"widget\" data-e-type=\"widget\" data-widget_type=\"heading.default\">\n\t\t\t\t<div class=\"elementor-widget-container\">\n\t\t\t\t\t<h2 class=\"elementor-heading-title elementor-size-default\">San Juan de Gaztelugatxe<\/h2>\t\t\t\t<\/div>\n\t\t\t\t<\/div>\n\t\t\t\t\t<\/div>\n\t\t\t\t<\/div>\n\t\t<div class=\"elementor-element elementor-element-6a18dfda e-flex e-con-boxed e-con e-child\" data-id=\"6a18dfda\" data-element_type=\"container\" data-e-type=\"container\" data-settings=\"{&quot;background_background&quot;:&quot;classic&quot;}\">\n\t\t\t\t\t<div class=\"e-con-inner\">\n\t\t\t\t\t<\/div>\n\t\t\t\t<\/div>\n\t\t\t\t<\/div>\n\t\t<div class=\"elementor-element elementor-element-000b11e e-flex e-con-boxed e-con e-parent\" data-id=\"000b11e\" data-element_type=\"container\" data-e-type=\"container\">\n\t\t\t\t\t<div class=\"e-con-inner\">\n\t\t\t\t<div class=\"elementor-element elementor-element-b2edee3 elementor-widget elementor-widget-heading\" data-id=\"b2edee3\" data-element_type=\"widget\" data-e-type=\"widget\" data-widget_type=\"heading.default\">\n\t\t\t\t<div class=\"elementor-widget-container\">\n\t\t\t\t\t<h2 class=\"elementor-heading-title elementor-size-default\">San Juan de Gaztelugatxe, UNE VISITE INOUBLIABLE!<\/h2>\t\t\t\t<\/div>\n\t\t\t\t<\/div>\n\t\t\t\t<div class=\"elementor-element elementor-element-7398f18 elementor-widget elementor-widget-text-editor\" data-id=\"7398f18\" data-element_type=\"widget\" data-e-type=\"widget\" data-widget_type=\"text-editor.default\">\n\t\t\t\t<div class=\"elementor-widget-container\">\n\t\t\t\t\t\t\t\t\tRecommandations et conseils \u00e0 garder \u00e0 l&rsquo;esprit lors de votre visite de Gaztelugatxe.\t\t\t\t\t\t\t\t<\/div>\n\t\t\t\t<\/div>\n\t\t<div class=\"elementor-element elementor-element-542c18c e-con-full e-flex e-con e-child\" data-id=\"542c18c\" data-element_type=\"container\" data-e-type=\"container\" data-settings=\"{&quot;background_background&quot;:&quot;classic&quot;}\">\n\t\t\t\t<div class=\"elementor-element elementor-element-0cd28f7 elementor-widget elementor-widget-text-editor\" data-id=\"0cd28f7\" data-element_type=\"widget\" data-e-type=\"widget\" data-widget_type=\"text-editor.default\">\n\t\t\t\t<div class=\"elementor-widget-container\">\n\t\t\t\t\t\t\t\t\t<p><strong>\u00c0 prendre en compte:\u00a0<\/strong><\/p>\n<ol>\n<li>Le parcours p\u00e9destre n\u00e9cessite un effort physique, la descente de la falaise jusqu&rsquo;\u00e0 atteindre les marches de l&rsquo;ermitage, le m\u00eame escalier (241 marches), et le retour du m\u00eame parcours. Cette visite \u00e0 pied dure environ 1 heure et 30 minutes.<\/li>\n<li>Si vous avez des probl\u00e8mes de sant\u00e9 li\u00e9s au c\u0153ur, une insuffisance respiratoire ou une mobilit\u00e9 r\u00e9duite, nous vous d\u00e9conseillons cette promenade.<\/li>\n<li>Avant de commencer l&rsquo;excursion, pensez \u00e0 appliquer de la cr\u00e8me solaire et apportez de l&rsquo;eau pour vous hydrater.<\/li>\n<li>Il est indispensable de porter des chaussures adapt\u00e9es \u00e0 la marche.<\/li>\n<\/ol>\n\t\t\t\t\t\t\t\t<\/div>\n\t\t\t\t<\/div>\n\t\t\t\t<\/div>\n\t\t\t\t\t<\/div>\n\t\t\t\t<\/div>\n\t\t<div class=\"elementor-element elementor-element-2f2328d e-flex e-con-boxed e-con e-parent\" data-id=\"2f2328d\" data-element_type=\"container\" data-e-type=\"container\">\n\t\t\t\t\t<div class=\"e-con-inner\">\n\t\t<div class=\"elementor-element elementor-element-75512df e-con-full e-flex e-con e-child\" data-id=\"75512df\" data-element_type=\"container\" data-e-type=\"container\">\n\t\t\t\t<div class=\"elementor-element elementor-element-2a78bce elementor-widget elementor-widget-image\" data-id=\"2a78bce\" data-element_type=\"widget\" data-e-type=\"widget\" data-widget_type=\"image.default\">\n\t\t\t\t<div class=\"elementor-widget-container\">\n\t\t\t\t\t\t\t\t\t\t\t\t\t\t\t<img decoding=\"async\" src=\"https:\/\/bizibermeo.eus\/wp-content\/uploads\/elementor\/thumbs\/bisita2-qx1qsngue54z442zt7xcuq6q57e6bnr7dzr5codce0.webp\" title=\"bisita2\" alt=\"bisita2\" loading=\"lazy\" \/>\t\t\t\t\t\t\t\t\t\t\t\t\t\t\t<\/div>\n\t\t\t\t<\/div>\n\t\t\t\t<\/div>\n\t\t<div class=\"elementor-element elementor-element-ace52fe e-con-full e-flex e-con e-child\" data-id=\"ace52fe\" data-element_type=\"container\" data-e-type=\"container\">\n\t\t\t\t<div class=\"elementor-element elementor-element-288bd68 elementor-widget elementor-widget-heading\" data-id=\"288bd68\" data-element_type=\"widget\" data-e-type=\"widget\" data-widget_type=\"heading.default\">\n\t\t\t\t<div class=\"elementor-widget-container\">\n\t\t\t\t\t<h2 class=\"elementor-heading-title elementor-size-default\">1. P\u00e2ques et l'\u00e9t\u00e9; Autobus pour visiter Gaztelugatxe avec guide touristique accompagnateur <\/h2>\t\t\t\t<\/div>\n\t\t\t\t<\/div>\n\t\t\t\t<div class=\"elementor-element elementor-element-eecd640 elementor-widget elementor-widget-text-editor\" data-id=\"eecd640\" data-element_type=\"widget\" data-e-type=\"widget\" data-widget_type=\"text-editor.default\">\n\t\t\t\t<div class=\"elementor-widget-container\">\n\t\t\t\t\t\t\t\t\t<p>Lors de cette visite, les visiteurs en apprendront davantage sur l&rsquo;identit\u00e9 de San Juan de Gaztelugatxe \u00e0 travers les croyances, les rites et les coutumes des habitants de Bermeo, en visitant \u00e9galement l&rsquo;ermitage, partie et essence de San Juan de Bermeo \u00e0 Gaztelugatxe.<\/p>\n<p>En m\u00eame temps, les particularit\u00e9s environnementales de San Juan de Gaztelugatxe seront expliqu\u00e9es. Nous devons tous prendre soin de cet environnement prot\u00e9g\u00e9 et ce service vise \u00e0 promouvoir l&rsquo;exp\u00e9rience de San Juan de Gaztelugatxe dans une perspective d&rsquo;\u00e9cotourisme.<\/p>\n<p><a href=\"https:\/\/entradium.com\/events\/visitas-a-san-juan-de-gaztelugatxe\">Achetez votre billet ici<\/a><\/p>\n\t\t\t\t\t\t\t\t<\/div>\n\t\t\t\t<\/div>\n\t\t\t\t<\/div>\n\t\t\t\t\t<\/div>\n\t\t\t\t<\/div>\n\t\t<div class=\"elementor-element elementor-element-732c1eb e-flex e-con-boxed e-con e-parent\" data-id=\"732c1eb\" data-element_type=\"container\" data-e-type=\"container\">\n\t\t\t\t\t<div class=\"e-con-inner\">\n\t\t<div class=\"elementor-element elementor-element-01e3472 e-con-full e-flex e-con e-child\" data-id=\"01e3472\" data-element_type=\"container\" data-e-type=\"container\">\n\t\t\t\t<div class=\"elementor-element elementor-element-c47f5b6 elementor-widget elementor-widget-image\" data-id=\"c47f5b6\" data-element_type=\"widget\" data-e-type=\"widget\" data-widget_type=\"image.default\">\n\t\t\t\t<div class=\"elementor-widget-container\">\n\t\t\t\t\t\t\t\t\t\t\t\t\t\t\t<img decoding=\"async\" src=\"https:\/\/bizibermeo.eus\/wp-content\/uploads\/elementor\/thumbs\/bisita1-qx1qsmj07b3osi4cypiqa8f9jtit3ynh1v3nveeqk8.webp\" title=\"bisita1\" alt=\"bisita1\" loading=\"lazy\" \/>\t\t\t\t\t\t\t\t\t\t\t\t\t\t\t<\/div>\n\t\t\t\t<\/div>\n\t\t\t\t<\/div>\n\t\t<div class=\"elementor-element elementor-element-42c5a70 e-con-full e-flex e-con e-child\" data-id=\"42c5a70\" data-element_type=\"container\" data-e-type=\"container\">\n\t\t\t\t<div class=\"elementor-element elementor-element-be052dc elementor-widget elementor-widget-heading\" data-id=\"be052dc\" data-element_type=\"widget\" data-e-type=\"widget\" data-widget_type=\"heading.default\">\n\t\t\t\t<div class=\"elementor-widget-container\">\n\t\t\t\t\t<h2 class=\"elementor-heading-title elementor-size-default\">2. Billets pour visiter San Juan de Gaztelugatxe<\/h2>\t\t\t\t<\/div>\n\t\t\t\t<\/div>\n\t\t\t\t<div class=\"elementor-element elementor-element-1864358 elementor-widget elementor-widget-text-editor\" data-id=\"1864358\" data-element_type=\"widget\" data-e-type=\"widget\" data-widget_type=\"text-editor.default\">\n\t\t\t\t<div class=\"elementor-widget-container\">\n\t\t\t\t\t\t\t\t\t<p>En haute saison, pendant les vacances et les longs week-ends, il est obligatoire d&rsquo;avoir un billet gratuit pour visiter Gaztelugatxe.<\/p>\n<p><a href=\"https:\/\/www.bizkaia.eus\/eu\/gaztelugatxe\" target=\"_blank\" rel=\"noopener\">Obtenez votre billet ici<\/a><\/p>\n\t\t\t\t\t\t\t\t<\/div>\n\t\t\t\t<\/div>\n\t\t\t\t<\/div>\n\t\t\t\t\t<\/div>\n\t\t\t\t<\/div>\n\t\t\t\t<\/div>\n\t\t","protected":false},"excerpt":{"rendered":"<p>San Juan de Gaztelugatxe, UNE VISITE INOUBLIABLE! Recommandations et conseils \u00e0 garder \u00e0 l&rsquo;esprit lors de votre visite de Gaztelugatxe. \u00c0 prendre en compte:\u00a0 Le parcours p\u00e9destre n\u00e9cessite un effort physique, la descente de la falaise jusqu&rsquo;\u00e0 atteindre les marches de l&rsquo;ermitage, le m\u00eame escalier (241 marches), et le retour du m\u00eame parcours. Cette visite [&hellip;]<\/p>\n","protected":false},"author":1,"featured_media":2483,"parent":0,"menu_order":86,"comment_status":"closed","ping_status":"closed","template":"elementor_header_footer","meta":{"_acf_changed":false,"footnotes":""},"class_list":["post-4436","page","type-page","status-publish","has-post-thumbnail","hentry"],"acf":[],"yoast_head":"<!-- This site is optimized with the Yoast SEO plugin v27.2 - https:\/\/yoast.com\/product\/yoast-seo-wordpress\/ -->\n<title>San Juan de Gaztelugatxe - Bizi Bermeo<\/title>\n<meta name=\"robots\" content=\"index, follow, max-snippet:-1, max-image-preview:large, max-video-preview:-1\" \/>\n<link rel=\"canonical\" href=\"https:\/\/bizibermeo.eus\/fr\/san-juan-de-gaztelugatxe\/\" \/>\n<meta property=\"og:locale\" content=\"fr_FR\" \/>\n<meta property=\"og:type\" content=\"article\" \/>\n<meta property=\"og:title\" content=\"San Juan de Gaztelugatxe - Bizi Bermeo\" \/>\n<meta property=\"og:description\" content=\"San Juan de Gaztelugatxe, UNE VISITE INOUBLIABLE! Recommandations et conseils \u00e0 garder \u00e0 l&rsquo;esprit lors de votre visite de Gaztelugatxe. \u00c0 prendre en compte:\u00a0 Le parcours p\u00e9destre n\u00e9cessite un effort physique, la descente de la falaise jusqu&rsquo;\u00e0 atteindre les marches de l&rsquo;ermitage, le m\u00eame escalier (241 marches), et le retour du m\u00eame parcours. Cette visite [&hellip;]\" \/>\n<meta property=\"og:url\" content=\"https:\/\/bizibermeo.eus\/fr\/san-juan-de-gaztelugatxe\/\" \/>\n<meta property=\"og:site_name\" content=\"Bizi Bermeo\" \/>\n<meta property=\"article:modified_time\" content=\"2026-01-23T13:20:48+00:00\" \/>\n<meta property=\"og:image\" content=\"https:\/\/bizibermeo.eus\/wp-content\/uploads\/2024\/10\/gaztelu2.webp\" \/>\n\t<meta property=\"og:image:width\" content=\"1200\" \/>\n\t<meta property=\"og:image:height\" content=\"900\" \/>\n\t<meta property=\"og:image:type\" content=\"image\/webp\" \/>\n<meta name=\"twitter:card\" content=\"summary_large_image\" \/>\n<meta name=\"twitter:label1\" content=\"Dur\u00e9e de lecture estim\u00e9e\" \/>\n\t<meta name=\"twitter:data1\" content=\"1 minute\" \/>\n<script type=\"application\/ld+json\" class=\"yoast-schema-graph\">{\"@context\":\"https:\/\/schema.org\",\"@graph\":[{\"@type\":\"WebPage\",\"@id\":\"https:\/\/bizibermeo.eus\/fr\/san-juan-de-gaztelugatxe\/\",\"url\":\"https:\/\/bizibermeo.eus\/fr\/san-juan-de-gaztelugatxe\/\",\"name\":\"San Juan de Gaztelugatxe - Bizi Bermeo\",\"isPartOf\":{\"@id\":\"https:\/\/bizibermeo.eus\/fr\/#website\"},\"primaryImageOfPage\":{\"@id\":\"https:\/\/bizibermeo.eus\/fr\/san-juan-de-gaztelugatxe\/#primaryimage\"},\"image\":{\"@id\":\"https:\/\/bizibermeo.eus\/fr\/san-juan-de-gaztelugatxe\/#primaryimage\"},\"thumbnailUrl\":\"https:\/\/bizibermeo.eus\/wp-content\/uploads\/2024\/10\/gaztelu2.webp\",\"datePublished\":\"2024-10-07T11:55:09+00:00\",\"dateModified\":\"2026-01-23T13:20:48+00:00\",\"breadcrumb\":{\"@id\":\"https:\/\/bizibermeo.eus\/fr\/san-juan-de-gaztelugatxe\/#breadcrumb\"},\"inLanguage\":\"fr-FR\",\"potentialAction\":[{\"@type\":\"ReadAction\",\"target\":[\"https:\/\/bizibermeo.eus\/fr\/san-juan-de-gaztelugatxe\/\"]}]},{\"@type\":\"ImageObject\",\"inLanguage\":\"fr-FR\",\"@id\":\"https:\/\/bizibermeo.eus\/fr\/san-juan-de-gaztelugatxe\/#primaryimage\",\"url\":\"https:\/\/bizibermeo.eus\/wp-content\/uploads\/2024\/10\/gaztelu2.webp\",\"contentUrl\":\"https:\/\/bizibermeo.eus\/wp-content\/uploads\/2024\/10\/gaztelu2.webp\",\"width\":1200,\"height\":900},{\"@type\":\"BreadcrumbList\",\"@id\":\"https:\/\/bizibermeo.eus\/fr\/san-juan-de-gaztelugatxe\/#breadcrumb\",\"itemListElement\":[{\"@type\":\"ListItem\",\"position\":1,\"name\":\"Home\",\"item\":\"https:\/\/bizibermeo.eus\/fr\/hasiera\/\"},{\"@type\":\"ListItem\",\"position\":2,\"name\":\"San Juan de Gaztelugatxe\"}]},{\"@type\":\"WebSite\",\"@id\":\"https:\/\/bizibermeo.eus\/fr\/#website\",\"url\":\"https:\/\/bizibermeo.eus\/fr\/\",\"name\":\"Bizi Bermeo\",\"description\":\"Ongi etorri Bermeora!\",\"publisher\":{\"@id\":\"https:\/\/bizibermeo.eus\/fr\/#organization\"},\"potentialAction\":[{\"@type\":\"SearchAction\",\"target\":{\"@type\":\"EntryPoint\",\"urlTemplate\":\"https:\/\/bizibermeo.eus\/fr\/?s={search_term_string}\"},\"query-input\":{\"@type\":\"PropertyValueSpecification\",\"valueRequired\":true,\"valueName\":\"search_term_string\"}}],\"inLanguage\":\"fr-FR\"},{\"@type\":\"Organization\",\"@id\":\"https:\/\/bizibermeo.eus\/fr\/#organization\",\"name\":\"Bizi Bermeo\",\"url\":\"https:\/\/bizibermeo.eus\/fr\/\",\"logo\":{\"@type\":\"ImageObject\",\"inLanguage\":\"fr-FR\",\"@id\":\"https:\/\/bizibermeo.eus\/fr\/#\/schema\/logo\/image\/\",\"url\":\"https:\/\/bizibermeo.eus\/wp-content\/uploads\/2024\/10\/symbol.svg\",\"contentUrl\":\"https:\/\/bizibermeo.eus\/wp-content\/uploads\/2024\/10\/symbol.svg\",\"width\":333,\"height\":545,\"caption\":\"Bizi Bermeo\"},\"image\":{\"@id\":\"https:\/\/bizibermeo.eus\/fr\/#\/schema\/logo\/image\/\"}}]}<\/script>\n<!-- \/ Yoast SEO plugin. -->","yoast_head_json":{"title":"San Juan de Gaztelugatxe - Bizi Bermeo","robots":{"index":"index","follow":"follow","max-snippet":"max-snippet:-1","max-image-preview":"max-image-preview:large","max-video-preview":"max-video-preview:-1"},"canonical":"https:\/\/bizibermeo.eus\/fr\/san-juan-de-gaztelugatxe\/","og_locale":"fr_FR","og_type":"article","og_title":"San Juan de Gaztelugatxe - Bizi Bermeo","og_description":"San Juan de Gaztelugatxe, UNE VISITE INOUBLIABLE! Recommandations et conseils \u00e0 garder \u00e0 l&rsquo;esprit lors de votre visite de Gaztelugatxe. \u00c0 prendre en compte:\u00a0 Le parcours p\u00e9destre n\u00e9cessite un effort physique, la descente de la falaise jusqu&rsquo;\u00e0 atteindre les marches de l&rsquo;ermitage, le m\u00eame escalier (241 marches), et le retour du m\u00eame parcours. Cette visite [&hellip;]","og_url":"https:\/\/bizibermeo.eus\/fr\/san-juan-de-gaztelugatxe\/","og_site_name":"Bizi Bermeo","article_modified_time":"2026-01-23T13:20:48+00:00","og_image":[{"width":1200,"height":900,"url":"https:\/\/bizibermeo.eus\/wp-content\/uploads\/2024\/10\/gaztelu2.webp","type":"image\/webp"}],"twitter_card":"summary_large_image","twitter_misc":{"Dur\u00e9e de lecture estim\u00e9e":"1 minute"},"schema":{"@context":"https:\/\/schema.org","@graph":[{"@type":"WebPage","@id":"https:\/\/bizibermeo.eus\/fr\/san-juan-de-gaztelugatxe\/","url":"https:\/\/bizibermeo.eus\/fr\/san-juan-de-gaztelugatxe\/","name":"San Juan de Gaztelugatxe - Bizi Bermeo","isPartOf":{"@id":"https:\/\/bizibermeo.eus\/fr\/#website"},"primaryImageOfPage":{"@id":"https:\/\/bizibermeo.eus\/fr\/san-juan-de-gaztelugatxe\/#primaryimage"},"image":{"@id":"https:\/\/bizibermeo.eus\/fr\/san-juan-de-gaztelugatxe\/#primaryimage"},"thumbnailUrl":"https:\/\/bizibermeo.eus\/wp-content\/uploads\/2024\/10\/gaztelu2.webp","datePublished":"2024-10-07T11:55:09+00:00","dateModified":"2026-01-23T13:20:48+00:00","breadcrumb":{"@id":"https:\/\/bizibermeo.eus\/fr\/san-juan-de-gaztelugatxe\/#breadcrumb"},"inLanguage":"fr-FR","potentialAction":[{"@type":"ReadAction","target":["https:\/\/bizibermeo.eus\/fr\/san-juan-de-gaztelugatxe\/"]}]},{"@type":"ImageObject","inLanguage":"fr-FR","@id":"https:\/\/bizibermeo.eus\/fr\/san-juan-de-gaztelugatxe\/#primaryimage","url":"https:\/\/bizibermeo.eus\/wp-content\/uploads\/2024\/10\/gaztelu2.webp","contentUrl":"https:\/\/bizibermeo.eus\/wp-content\/uploads\/2024\/10\/gaztelu2.webp","width":1200,"height":900},{"@type":"BreadcrumbList","@id":"https:\/\/bizibermeo.eus\/fr\/san-juan-de-gaztelugatxe\/#breadcrumb","itemListElement":[{"@type":"ListItem","position":1,"name":"Home","item":"https:\/\/bizibermeo.eus\/fr\/hasiera\/"},{"@type":"ListItem","position":2,"name":"San Juan de Gaztelugatxe"}]},{"@type":"WebSite","@id":"https:\/\/bizibermeo.eus\/fr\/#website","url":"https:\/\/bizibermeo.eus\/fr\/","name":"Bizi Bermeo","description":"Ongi etorri Bermeora!","publisher":{"@id":"https:\/\/bizibermeo.eus\/fr\/#organization"},"potentialAction":[{"@type":"SearchAction","target":{"@type":"EntryPoint","urlTemplate":"https:\/\/bizibermeo.eus\/fr\/?s={search_term_string}"},"query-input":{"@type":"PropertyValueSpecification","valueRequired":true,"valueName":"search_term_string"}}],"inLanguage":"fr-FR"},{"@type":"Organization","@id":"https:\/\/bizibermeo.eus\/fr\/#organization","name":"Bizi Bermeo","url":"https:\/\/bizibermeo.eus\/fr\/","logo":{"@type":"ImageObject","inLanguage":"fr-FR","@id":"https:\/\/bizibermeo.eus\/fr\/#\/schema\/logo\/image\/","url":"https:\/\/bizibermeo.eus\/wp-content\/uploads\/2024\/10\/symbol.svg","contentUrl":"https:\/\/bizibermeo.eus\/wp-content\/uploads\/2024\/10\/symbol.svg","width":333,"height":545,"caption":"Bizi Bermeo"},"image":{"@id":"https:\/\/bizibermeo.eus\/fr\/#\/schema\/logo\/image\/"}}]}},"_links":{"self":[{"href":"https:\/\/bizibermeo.eus\/fr\/wp-json\/wp\/v2\/pages\/4436","targetHints":{"allow":["GET"]}}],"collection":[{"href":"https:\/\/bizibermeo.eus\/fr\/wp-json\/wp\/v2\/pages"}],"about":[{"href":"https:\/\/bizibermeo.eus\/fr\/wp-json\/wp\/v2\/types\/page"}],"author":[{"embeddable":true,"href":"https:\/\/bizibermeo.eus\/fr\/wp-json\/wp\/v2\/users\/1"}],"replies":[{"embeddable":true,"href":"https:\/\/bizibermeo.eus\/fr\/wp-json\/wp\/v2\/comments?post=4436"}],"version-history":[{"count":9,"href":"https:\/\/bizibermeo.eus\/fr\/wp-json\/wp\/v2\/pages\/4436\/revisions"}],"predecessor-version":[{"id":7428,"href":"https:\/\/bizibermeo.eus\/fr\/wp-json\/wp\/v2\/pages\/4436\/revisions\/7428"}],"wp:featuredmedia":[{"embeddable":true,"href":"https:\/\/bizibermeo.eus\/fr\/wp-json\/wp\/v2\/media\/2483"}],"wp:attachment":[{"href":"https:\/\/bizibermeo.eus\/fr\/wp-json\/wp\/v2\/media?parent=4436"}],"curies":[{"name":"wp","href":"https:\/\/api.w.org\/{rel}","templated":true}]}}