{"id":4430,"date":"2024-10-07T12:55:09","date_gmt":"2024-10-07T11:55:09","guid":{"rendered":"https:\/\/bizibermeo.eus\/como-visitar-gaztelugatxe\/"},"modified":"2026-04-13T13:19:42","modified_gmt":"2026-04-13T12:19:42","slug":"como-visitar-gaztelugatxe","status":"publish","type":"page","link":"https:\/\/bizibermeo.eus\/es\/como-visitar-gaztelugatxe\/","title":{"rendered":"C\u00f3mo visitar Gaztelugatxe"},"content":{"rendered":"\t\t<div data-elementor-type=\"wp-page\" data-elementor-id=\"4430\" class=\"elementor elementor-4430 elementor-121\" data-elementor-post-type=\"page\">\n\t\t\t\t<div class=\"elementor-element elementor-element-4899f7c8 e-con-full e-flex e-con e-child\" data-id=\"4899f7c8\" data-element_type=\"container\" data-e-type=\"container\">\n\t\t<div class=\"elementor-element elementor-element-2501ddd2 e-flex e-con-boxed e-con e-child\" data-id=\"2501ddd2\" data-element_type=\"container\" data-e-type=\"container\" data-settings=\"{&quot;background_background&quot;:&quot;classic&quot;}\">\n\t\t\t\t\t<div class=\"e-con-inner\">\n\t\t\t\t<div class=\"elementor-element elementor-element-770aa844 elementor-widget elementor-widget-heading\" data-id=\"770aa844\" data-element_type=\"widget\" data-e-type=\"widget\" data-widget_type=\"heading.default\">\n\t\t\t\t<div class=\"elementor-widget-container\">\n\t\t\t\t\t<h2 class=\"elementor-heading-title elementor-size-default\">C\u00f3mo visitar Gaztelugatxe<\/h2>\t\t\t\t<\/div>\n\t\t\t\t<\/div>\n\t\t\t\t\t<\/div>\n\t\t\t\t<\/div>\n\t\t<div class=\"elementor-element elementor-element-6a18dfda e-flex e-con-boxed e-con e-child\" data-id=\"6a18dfda\" data-element_type=\"container\" data-e-type=\"container\" data-settings=\"{&quot;background_background&quot;:&quot;classic&quot;}\">\n\t\t\t\t\t<div class=\"e-con-inner\">\n\t\t\t\t\t<\/div>\n\t\t\t\t<\/div>\n\t\t\t\t<\/div>\n\t\t<div class=\"elementor-element elementor-element-000b11e e-flex e-con-boxed e-con e-parent\" data-id=\"000b11e\" data-element_type=\"container\" data-e-type=\"container\">\n\t\t\t\t\t<div class=\"e-con-inner\">\n\t\t\t\t<div class=\"elementor-element elementor-element-b2edee3 elementor-widget elementor-widget-heading\" data-id=\"b2edee3\" data-element_type=\"widget\" data-e-type=\"widget\" data-widget_type=\"heading.default\">\n\t\t\t\t<div class=\"elementor-widget-container\">\n\t\t\t\t\t<h2 class=\"elementor-heading-title elementor-size-default\">San Juan de Gaztelugatxe \u00a1Una visita inolvidable!<\/h2>\t\t\t\t<\/div>\n\t\t\t\t<\/div>\n\t\t\t\t<div class=\"elementor-element elementor-element-7398f18 elementor-widget elementor-widget-text-editor\" data-id=\"7398f18\" data-element_type=\"widget\" data-e-type=\"widget\" data-widget_type=\"text-editor.default\">\n\t\t\t\t<div class=\"elementor-widget-container\">\n\t\t\t\t\t\t\t\t\tRecomendaciones y consejos a tener en cuenta a la hora de visitar Gaztelugatxe.\t\t\t\t\t\t\t\t<\/div>\n\t\t\t\t<\/div>\n\t\t<div class=\"elementor-element elementor-element-542c18c e-con-full e-flex e-con e-child\" data-id=\"542c18c\" data-element_type=\"container\" data-e-type=\"container\" data-settings=\"{&quot;background_background&quot;:&quot;classic&quot;}\">\n\t\t\t\t<div class=\"elementor-element elementor-element-0cd28f7 elementor-widget elementor-widget-text-editor\" data-id=\"0cd28f7\" data-element_type=\"widget\" data-e-type=\"widget\" data-widget_type=\"text-editor.default\">\n\t\t\t\t<div class=\"elementor-widget-container\">\n\t\t\t\t\t\t\t\t\t<p><strong>A tener en cuenta:<\/strong><\/p>\n<ol>\n<li>El recorrido a pie requiere esfuerzo f\u00edsico, la bajada del acantilado hasta llegar a las escaleras de la ermita, la misma escalera (241 pelda\u00f1os), y la vuelta del mismo recorrido.<\/li>\n<li>Este recorrido a pie dura alrededor de 1hora 30 minutos.<\/li>\n<li>Si tienes problemas de salud relacionados con el coraz\u00f3n, insuficiencia respiratoria o movilidad reducida, no recomendamos esta excursi\u00f3n.<\/li>\n<li>Antes de iniciar la excursi\u00f3n, recuerda aplicarte crema solar y llevar agua para hidratarte. Imprescindible calzado adecuado para caminar<\/li>\n<\/ol>\n\t\t\t\t\t\t\t\t<\/div>\n\t\t\t\t<\/div>\n\t\t\t\t<\/div>\n\t\t\t\t\t<\/div>\n\t\t\t\t<\/div>\n\t\t<div class=\"elementor-element elementor-element-2f2328d e-flex e-con-boxed e-con e-parent\" data-id=\"2f2328d\" data-element_type=\"container\" data-e-type=\"container\">\n\t\t\t\t\t<div class=\"e-con-inner\">\n\t\t<div class=\"elementor-element elementor-element-75512df e-con-full e-flex e-con e-child\" data-id=\"75512df\" data-element_type=\"container\" data-e-type=\"container\">\n\t\t\t\t<div class=\"elementor-element elementor-element-2a78bce elementor-widget elementor-widget-image\" data-id=\"2a78bce\" data-element_type=\"widget\" data-e-type=\"widget\" data-widget_type=\"image.default\">\n\t\t\t\t<div class=\"elementor-widget-container\">\n\t\t\t\t\t\t\t\t\t\t\t\t\t\t\t<img decoding=\"async\" src=\"https:\/\/bizibermeo.eus\/wp-content\/uploads\/elementor\/thumbs\/bisita2-qx1qsngue54z442zt7xcuq6q57e6bnr7dzr5codce0.webp\" title=\"bisita2\" alt=\"bisita2\" loading=\"lazy\" \/>\t\t\t\t\t\t\t\t\t\t\t\t\t\t\t<\/div>\n\t\t\t\t<\/div>\n\t\t\t\t<\/div>\n\t\t<div class=\"elementor-element elementor-element-ace52fe e-con-full e-flex e-con e-child\" data-id=\"ace52fe\" data-element_type=\"container\" data-e-type=\"container\">\n\t\t\t\t<div class=\"elementor-element elementor-element-288bd68 elementor-widget elementor-widget-heading\" data-id=\"288bd68\" data-element_type=\"widget\" data-e-type=\"widget\" data-widget_type=\"heading.default\">\n\t\t\t\t<div class=\"elementor-widget-container\">\n\t\t\t\t\t<h2 class=\"elementor-heading-title elementor-size-default\">1. En julio, agosto y en Semana Santa; Autobuses para visitar Gaztelugatxe con gu\u00eda tur\u00edstica acompa\u00f1ante <\/h2>\t\t\t\t<\/div>\n\t\t\t\t<\/div>\n\t\t\t\t<div class=\"elementor-element elementor-element-eecd640 elementor-widget elementor-widget-text-editor\" data-id=\"eecd640\" data-element_type=\"widget\" data-e-type=\"widget\" data-widget_type=\"text-editor.default\">\n\t\t\t\t<div class=\"elementor-widget-container\">\n\t\t\t\t\t\t\t\t\t<p>En esta visita, el visitante podr\u00e1 conocer mejor la identidad de San Juan de Gaztelugatxe a trav\u00e9s de las creencias, ritos y costumbres bermeanas, visitando tambi\u00e9n la ermita, parte y esencia de San Juan de Bermeo en Gaztelugatxe.<\/p>\n<p>Al mismo tiempo, se conocer\u00e1n las peculiaridades ambientales de San Juan de Gaztelugatxe. Este entorno protegido debemos cuidarlo entre todos y con este servicio se pretende impulsar la experiencia de San Juan de Gaztelugatxe desde una perspectiva ecotur\u00edstica.<\/p>\n<p><a href=\"https:\/\/entradium.com\/events\/visitas-a-san-juan-de-gaztelugatxe\">Compra tu ticket aqu\u00ed pr\u00f3ximamente<\/a><\/p>\n\t\t\t\t\t\t\t\t<\/div>\n\t\t\t\t<\/div>\n\t\t\t\t<\/div>\n\t\t\t\t\t<\/div>\n\t\t\t\t<\/div>\n\t\t<div class=\"elementor-element elementor-element-732c1eb e-flex e-con-boxed e-con e-parent\" data-id=\"732c1eb\" data-element_type=\"container\" data-e-type=\"container\">\n\t\t\t\t\t<div class=\"e-con-inner\">\n\t\t<div class=\"elementor-element elementor-element-01e3472 e-con-full e-flex e-con e-child\" data-id=\"01e3472\" data-element_type=\"container\" data-e-type=\"container\">\n\t\t\t\t<div class=\"elementor-element elementor-element-c47f5b6 elementor-widget elementor-widget-image\" data-id=\"c47f5b6\" data-element_type=\"widget\" data-e-type=\"widget\" data-widget_type=\"image.default\">\n\t\t\t\t<div class=\"elementor-widget-container\">\n\t\t\t\t\t\t\t\t\t\t\t\t\t\t\t<img decoding=\"async\" src=\"https:\/\/bizibermeo.eus\/wp-content\/uploads\/elementor\/thumbs\/bisita1-qx1qsmj07b3osi4cypiqa8f9jtit3ynh1v3nveeqk8.webp\" title=\"bisita1\" alt=\"bisita1\" loading=\"lazy\" \/>\t\t\t\t\t\t\t\t\t\t\t\t\t\t\t<\/div>\n\t\t\t\t<\/div>\n\t\t\t\t<\/div>\n\t\t<div class=\"elementor-element elementor-element-42c5a70 e-con-full e-flex e-con e-child\" data-id=\"42c5a70\" data-element_type=\"container\" data-e-type=\"container\">\n\t\t\t\t<div class=\"elementor-element elementor-element-be052dc elementor-widget elementor-widget-heading\" data-id=\"be052dc\" data-element_type=\"widget\" data-e-type=\"widget\" data-widget_type=\"heading.default\">\n\t\t\t\t<div class=\"elementor-widget-container\">\n\t\t\t\t\t<h2 class=\"elementor-heading-title elementor-size-default\">2. Tickets para visitar San Juan de Gaztelugatxe<\/h2>\t\t\t\t<\/div>\n\t\t\t\t<\/div>\n\t\t\t\t<div class=\"elementor-element elementor-element-1864358 elementor-widget elementor-widget-text-editor\" data-id=\"1864358\" data-element_type=\"widget\" data-e-type=\"widget\" data-widget_type=\"text-editor.default\">\n\t\t\t\t<div class=\"elementor-widget-container\">\n\t\t\t\t\t\t\t\t\t<p>En temporada alta, y en los fines de semana, festivos y puentes de temporada media, es obligatorio disponer de un ticket gratuito para poder visitar Gaztelugatxe.<\/p>\n<p><a href=\"https:\/\/www.bizkaia.eus\/eu\/gaztelugatxe\" target=\"_blank\" rel=\"noopener\">Consigue tu ticket aqu\u00ed<\/a><\/p>\n\t\t\t\t\t\t\t\t<\/div>\n\t\t\t\t<\/div>\n\t\t\t\t<\/div>\n\t\t\t\t\t<\/div>\n\t\t\t\t<\/div>\n\t\t\t\t<\/div>\n\t\t","protected":false},"excerpt":{"rendered":"<p>San Juan de Gaztelugatxe \u00a1Una visita inolvidable! Recomendaciones y consejos a tener en cuenta a la hora de visitar Gaztelugatxe. A tener en cuenta: El recorrido a pie requiere esfuerzo f\u00edsico, la bajada del acantilado hasta llegar a las escaleras de la ermita, la misma escalera (241 pelda\u00f1os), y la vuelta del mismo recorrido. Este [&hellip;]<\/p>\n","protected":false},"author":1,"featured_media":2484,"parent":0,"menu_order":11,"comment_status":"closed","ping_status":"closed","template":"elementor_header_footer","meta":{"_acf_changed":false,"footnotes":""},"class_list":["post-4430","page","type-page","status-publish","has-post-thumbnail","hentry"],"acf":[],"yoast_head":"<!-- This site is optimized with the Yoast SEO plugin v27.2 - https:\/\/yoast.com\/product\/yoast-seo-wordpress\/ -->\n<title>C\u00f3mo visitar Gaztelugatxe - Bizi Bermeo<\/title>\n<meta name=\"robots\" content=\"index, follow, max-snippet:-1, max-image-preview:large, max-video-preview:-1\" \/>\n<link rel=\"canonical\" href=\"https:\/\/bizibermeo.eus\/es\/como-visitar-gaztelugatxe\/\" \/>\n<meta property=\"og:locale\" content=\"es_ES\" \/>\n<meta property=\"og:type\" content=\"article\" \/>\n<meta property=\"og:title\" content=\"C\u00f3mo visitar Gaztelugatxe - Bizi Bermeo\" \/>\n<meta property=\"og:description\" content=\"San Juan de Gaztelugatxe \u00a1Una visita inolvidable! Recomendaciones y consejos a tener en cuenta a la hora de visitar Gaztelugatxe. A tener en cuenta: El recorrido a pie requiere esfuerzo f\u00edsico, la bajada del acantilado hasta llegar a las escaleras de la ermita, la misma escalera (241 pelda\u00f1os), y la vuelta del mismo recorrido. Este [&hellip;]\" \/>\n<meta property=\"og:url\" content=\"https:\/\/bizibermeo.eus\/es\/como-visitar-gaztelugatxe\/\" \/>\n<meta property=\"og:site_name\" content=\"Bizi Bermeo\" \/>\n<meta property=\"article:modified_time\" content=\"2026-04-13T12:19:42+00:00\" \/>\n<meta property=\"og:image\" content=\"https:\/\/bizibermeo.eus\/wp-content\/uploads\/2024\/10\/gaztelu2.webp\" \/>\n\t<meta property=\"og:image:width\" content=\"1200\" \/>\n\t<meta property=\"og:image:height\" content=\"900\" \/>\n\t<meta property=\"og:image:type\" content=\"image\/webp\" \/>\n<meta name=\"twitter:card\" content=\"summary_large_image\" \/>\n<meta name=\"twitter:label1\" content=\"Tiempo de lectura\" \/>\n\t<meta name=\"twitter:data1\" content=\"1 minuto\" \/>\n<script type=\"application\/ld+json\" class=\"yoast-schema-graph\">{\"@context\":\"https:\/\/schema.org\",\"@graph\":[{\"@type\":\"WebPage\",\"@id\":\"https:\/\/bizibermeo.eus\/es\/como-visitar-gaztelugatxe\/\",\"url\":\"https:\/\/bizibermeo.eus\/es\/como-visitar-gaztelugatxe\/\",\"name\":\"C\u00f3mo visitar Gaztelugatxe - Bizi Bermeo\",\"isPartOf\":{\"@id\":\"https:\/\/bizibermeo.eus\/es\/#website\"},\"primaryImageOfPage\":{\"@id\":\"https:\/\/bizibermeo.eus\/es\/como-visitar-gaztelugatxe\/#primaryimage\"},\"image\":{\"@id\":\"https:\/\/bizibermeo.eus\/es\/como-visitar-gaztelugatxe\/#primaryimage\"},\"thumbnailUrl\":\"https:\/\/bizibermeo.eus\/wp-content\/uploads\/2024\/10\/gaztelu2.webp\",\"datePublished\":\"2024-10-07T11:55:09+00:00\",\"dateModified\":\"2026-04-13T12:19:42+00:00\",\"breadcrumb\":{\"@id\":\"https:\/\/bizibermeo.eus\/es\/como-visitar-gaztelugatxe\/#breadcrumb\"},\"inLanguage\":\"es\",\"potentialAction\":[{\"@type\":\"ReadAction\",\"target\":[\"https:\/\/bizibermeo.eus\/es\/como-visitar-gaztelugatxe\/\"]}]},{\"@type\":\"ImageObject\",\"inLanguage\":\"es\",\"@id\":\"https:\/\/bizibermeo.eus\/es\/como-visitar-gaztelugatxe\/#primaryimage\",\"url\":\"https:\/\/bizibermeo.eus\/wp-content\/uploads\/2024\/10\/gaztelu2.webp\",\"contentUrl\":\"https:\/\/bizibermeo.eus\/wp-content\/uploads\/2024\/10\/gaztelu2.webp\",\"width\":1200,\"height\":900},{\"@type\":\"BreadcrumbList\",\"@id\":\"https:\/\/bizibermeo.eus\/es\/como-visitar-gaztelugatxe\/#breadcrumb\",\"itemListElement\":[{\"@type\":\"ListItem\",\"position\":1,\"name\":\"Home\",\"item\":\"https:\/\/bizibermeo.eus\/es\/\"},{\"@type\":\"ListItem\",\"position\":2,\"name\":\"C\u00f3mo visitar Gaztelugatxe\"}]},{\"@type\":\"WebSite\",\"@id\":\"https:\/\/bizibermeo.eus\/es\/#website\",\"url\":\"https:\/\/bizibermeo.eus\/es\/\",\"name\":\"Bizi Bermeo\",\"description\":\"Ongi etorri Bermeora!\",\"publisher\":{\"@id\":\"https:\/\/bizibermeo.eus\/es\/#organization\"},\"potentialAction\":[{\"@type\":\"SearchAction\",\"target\":{\"@type\":\"EntryPoint\",\"urlTemplate\":\"https:\/\/bizibermeo.eus\/es\/?s={search_term_string}\"},\"query-input\":{\"@type\":\"PropertyValueSpecification\",\"valueRequired\":true,\"valueName\":\"search_term_string\"}}],\"inLanguage\":\"es\"},{\"@type\":\"Organization\",\"@id\":\"https:\/\/bizibermeo.eus\/es\/#organization\",\"name\":\"Bizi Bermeo\",\"url\":\"https:\/\/bizibermeo.eus\/es\/\",\"logo\":{\"@type\":\"ImageObject\",\"inLanguage\":\"es\",\"@id\":\"https:\/\/bizibermeo.eus\/es\/#\/schema\/logo\/image\/\",\"url\":\"https:\/\/bizibermeo.eus\/wp-content\/uploads\/2024\/10\/symbol.svg\",\"contentUrl\":\"https:\/\/bizibermeo.eus\/wp-content\/uploads\/2024\/10\/symbol.svg\",\"width\":333,\"height\":545,\"caption\":\"Bizi Bermeo\"},\"image\":{\"@id\":\"https:\/\/bizibermeo.eus\/es\/#\/schema\/logo\/image\/\"}}]}<\/script>\n<!-- \/ Yoast SEO plugin. -->","yoast_head_json":{"title":"C\u00f3mo visitar Gaztelugatxe - Bizi Bermeo","robots":{"index":"index","follow":"follow","max-snippet":"max-snippet:-1","max-image-preview":"max-image-preview:large","max-video-preview":"max-video-preview:-1"},"canonical":"https:\/\/bizibermeo.eus\/es\/como-visitar-gaztelugatxe\/","og_locale":"es_ES","og_type":"article","og_title":"C\u00f3mo visitar Gaztelugatxe - Bizi Bermeo","og_description":"San Juan de Gaztelugatxe \u00a1Una visita inolvidable! Recomendaciones y consejos a tener en cuenta a la hora de visitar Gaztelugatxe. A tener en cuenta: El recorrido a pie requiere esfuerzo f\u00edsico, la bajada del acantilado hasta llegar a las escaleras de la ermita, la misma escalera (241 pelda\u00f1os), y la vuelta del mismo recorrido. Este [&hellip;]","og_url":"https:\/\/bizibermeo.eus\/es\/como-visitar-gaztelugatxe\/","og_site_name":"Bizi Bermeo","article_modified_time":"2026-04-13T12:19:42+00:00","og_image":[{"width":1200,"height":900,"url":"https:\/\/bizibermeo.eus\/wp-content\/uploads\/2024\/10\/gaztelu2.webp","type":"image\/webp"}],"twitter_card":"summary_large_image","twitter_misc":{"Tiempo de lectura":"1 minuto"},"schema":{"@context":"https:\/\/schema.org","@graph":[{"@type":"WebPage","@id":"https:\/\/bizibermeo.eus\/es\/como-visitar-gaztelugatxe\/","url":"https:\/\/bizibermeo.eus\/es\/como-visitar-gaztelugatxe\/","name":"C\u00f3mo visitar Gaztelugatxe - Bizi Bermeo","isPartOf":{"@id":"https:\/\/bizibermeo.eus\/es\/#website"},"primaryImageOfPage":{"@id":"https:\/\/bizibermeo.eus\/es\/como-visitar-gaztelugatxe\/#primaryimage"},"image":{"@id":"https:\/\/bizibermeo.eus\/es\/como-visitar-gaztelugatxe\/#primaryimage"},"thumbnailUrl":"https:\/\/bizibermeo.eus\/wp-content\/uploads\/2024\/10\/gaztelu2.webp","datePublished":"2024-10-07T11:55:09+00:00","dateModified":"2026-04-13T12:19:42+00:00","breadcrumb":{"@id":"https:\/\/bizibermeo.eus\/es\/como-visitar-gaztelugatxe\/#breadcrumb"},"inLanguage":"es","potentialAction":[{"@type":"ReadAction","target":["https:\/\/bizibermeo.eus\/es\/como-visitar-gaztelugatxe\/"]}]},{"@type":"ImageObject","inLanguage":"es","@id":"https:\/\/bizibermeo.eus\/es\/como-visitar-gaztelugatxe\/#primaryimage","url":"https:\/\/bizibermeo.eus\/wp-content\/uploads\/2024\/10\/gaztelu2.webp","contentUrl":"https:\/\/bizibermeo.eus\/wp-content\/uploads\/2024\/10\/gaztelu2.webp","width":1200,"height":900},{"@type":"BreadcrumbList","@id":"https:\/\/bizibermeo.eus\/es\/como-visitar-gaztelugatxe\/#breadcrumb","itemListElement":[{"@type":"ListItem","position":1,"name":"Home","item":"https:\/\/bizibermeo.eus\/es\/"},{"@type":"ListItem","position":2,"name":"C\u00f3mo visitar Gaztelugatxe"}]},{"@type":"WebSite","@id":"https:\/\/bizibermeo.eus\/es\/#website","url":"https:\/\/bizibermeo.eus\/es\/","name":"Bizi Bermeo","description":"Ongi etorri Bermeora!","publisher":{"@id":"https:\/\/bizibermeo.eus\/es\/#organization"},"potentialAction":[{"@type":"SearchAction","target":{"@type":"EntryPoint","urlTemplate":"https:\/\/bizibermeo.eus\/es\/?s={search_term_string}"},"query-input":{"@type":"PropertyValueSpecification","valueRequired":true,"valueName":"search_term_string"}}],"inLanguage":"es"},{"@type":"Organization","@id":"https:\/\/bizibermeo.eus\/es\/#organization","name":"Bizi Bermeo","url":"https:\/\/bizibermeo.eus\/es\/","logo":{"@type":"ImageObject","inLanguage":"es","@id":"https:\/\/bizibermeo.eus\/es\/#\/schema\/logo\/image\/","url":"https:\/\/bizibermeo.eus\/wp-content\/uploads\/2024\/10\/symbol.svg","contentUrl":"https:\/\/bizibermeo.eus\/wp-content\/uploads\/2024\/10\/symbol.svg","width":333,"height":545,"caption":"Bizi Bermeo"},"image":{"@id":"https:\/\/bizibermeo.eus\/es\/#\/schema\/logo\/image\/"}}]}},"_links":{"self":[{"href":"https:\/\/bizibermeo.eus\/es\/wp-json\/wp\/v2\/pages\/4430","targetHints":{"allow":["GET"]}}],"collection":[{"href":"https:\/\/bizibermeo.eus\/es\/wp-json\/wp\/v2\/pages"}],"about":[{"href":"https:\/\/bizibermeo.eus\/es\/wp-json\/wp\/v2\/types\/page"}],"author":[{"embeddable":true,"href":"https:\/\/bizibermeo.eus\/es\/wp-json\/wp\/v2\/users\/1"}],"replies":[{"embeddable":true,"href":"https:\/\/bizibermeo.eus\/es\/wp-json\/wp\/v2\/comments?post=4430"}],"version-history":[{"count":9,"href":"https:\/\/bizibermeo.eus\/es\/wp-json\/wp\/v2\/pages\/4430\/revisions"}],"predecessor-version":[{"id":7663,"href":"https:\/\/bizibermeo.eus\/es\/wp-json\/wp\/v2\/pages\/4430\/revisions\/7663"}],"wp:featuredmedia":[{"embeddable":true,"href":"https:\/\/bizibermeo.eus\/es\/wp-json\/wp\/v2\/media\/2484"}],"wp:attachment":[{"href":"https:\/\/bizibermeo.eus\/es\/wp-json\/wp\/v2\/media?parent=4430"}],"curies":[{"name":"wp","href":"https:\/\/api.w.org\/{rel}","templated":true}]}}