{"id":2673,"date":"2024-10-07T13:02:30","date_gmt":"2024-10-07T11:02:30","guid":{"rendered":"https:\/\/bizibermeo.eus\/donde-comer\/"},"modified":"2024-10-31T16:16:28","modified_gmt":"2024-10-31T14:16:28","slug":"donde-comer","status":"publish","type":"page","link":"https:\/\/bizibermeo.eus\/es\/donde-comer\/","title":{"rendered":"D\u00f3nde comer"},"content":{"rendered":"\t\t<div data-elementor-type=\"wp-page\" data-elementor-id=\"2673\" class=\"elementor elementor-2673 elementor-168\" data-elementor-post-type=\"page\">\n\t\t\t\t<div class=\"elementor-element elementor-element-73126640 e-con-full e-flex e-con e-child\" data-id=\"73126640\" data-element_type=\"container\" data-e-type=\"container\">\n\t\t<div class=\"elementor-element elementor-element-52a73a7d e-flex e-con-boxed e-con e-child\" data-id=\"52a73a7d\" data-element_type=\"container\" data-e-type=\"container\" data-settings=\"{&quot;background_background&quot;:&quot;classic&quot;}\">\n\t\t\t\t\t<div class=\"e-con-inner\">\n\t\t\t\t\t<\/div>\n\t\t\t\t<\/div>\n\t\t\t\t<\/div>\n\t\t<div class=\"elementor-element elementor-element-d092d7b e-flex e-con-boxed e-con e-parent\" data-id=\"d092d7b\" data-element_type=\"container\" data-e-type=\"container\">\n\t\t\t\t\t<div class=\"e-con-inner\">\n\t\t\t\t<div class=\"elementor-element elementor-element-5b8d677 elementor-widget elementor-widget-heading\" data-id=\"5b8d677\" data-element_type=\"widget\" data-e-type=\"widget\" data-widget_type=\"heading.default\">\n\t\t\t\t<div class=\"elementor-widget-container\">\n\t\t\t\t\t<h1 class=\"elementor-heading-title elementor-size-default\">D\u00f3nde comer<\/h1>\t\t\t\t<\/div>\n\t\t\t\t<\/div>\n\t\t\t\t<div class=\"elementor-element elementor-element-b0bff1b elementor-widget elementor-widget-text-editor\" data-id=\"b0bff1b\" data-element_type=\"widget\" data-e-type=\"widget\" data-widget_type=\"text-editor.default\">\n\t\t\t\t<div class=\"elementor-widget-container\">\n\t\t\t\t\t\t\t\t\tVen a visitarnos y disfruta de nuestra gastronom\u00eda:\r\nLa mesa est\u00e1 lista.\r\nOn egin!\t\t\t\t\t\t\t\t<\/div>\n\t\t\t\t<\/div>\n\t\t\t\t<div class=\"elementor-element elementor-element-07ddfb2 elementor-grid-3 elementor-grid-tablet-2 elementor-grid-mobile-1 elementor-widget elementor-widget-loop-grid\" data-id=\"07ddfb2\" data-element_type=\"widget\" data-e-type=\"widget\" data-settings=\"{&quot;_skin&quot;:&quot;post_taxonomy&quot;,&quot;template_id&quot;:857,&quot;columns&quot;:&quot;3&quot;,&quot;columns_tablet&quot;:&quot;2&quot;,&quot;columns_mobile&quot;:&quot;1&quot;,&quot;edit_handle_selector&quot;:&quot;[data-elementor-type=\\&quot;loop-item\\&quot;]&quot;,&quot;row_gap&quot;:{&quot;unit&quot;:&quot;px&quot;,&quot;size&quot;:&quot;&quot;,&quot;sizes&quot;:[]},&quot;row_gap_tablet&quot;:{&quot;unit&quot;:&quot;px&quot;,&quot;size&quot;:&quot;&quot;,&quot;sizes&quot;:[]},&quot;row_gap_mobile&quot;:{&quot;unit&quot;:&quot;px&quot;,&quot;size&quot;:&quot;&quot;,&quot;sizes&quot;:[]}}\" data-widget_type=\"loop-grid.post_taxonomy\">\n\t\t\t\t<div class=\"elementor-widget-container\">\n\t\t\t\t\t\t\t<div class=\"elementor-loop-container elementor-grid\" role=\"list\">\n\t\t<style id=\"loop-857\">.elementor-857 .elementor-element.elementor-element-0af08a5{--display:flex;--gap:0px 0px;--row-gap:0px;--column-gap:0px;--margin-top:0px;--margin-bottom:0px;--margin-left:0px;--margin-right:0px;--padding-top:0px;--padding-bottom:0px;--padding-left:0px;--padding-right:0px;}.elementor-widget-image .widget-image-caption{color:var( --e-global-color-text );font-family:var( --e-global-typography-text-font-family ), Sans-serif;font-size:var( --e-global-typography-text-font-size );font-weight:var( --e-global-typography-text-font-weight );line-height:var( --e-global-typography-text-line-height );}.elementor-857 .elementor-element.elementor-element-69884eb img{width:100%;opacity:1;}.elementor-857 .elementor-element.elementor-element-69884eb > .elementor-widget-container{margin:0px 0px 0px 0px;padding:0px 0px 0px 0px;}.elementor-857 .elementor-element.elementor-element-25cfe0f{--display:flex;--justify-content:center;--align-items:center;--container-widget-width:calc( ( 1 - var( --container-widget-flex-grow ) ) * 100% );--background-transition:0.3s;--margin-top:-5%;--margin-bottom:5%;--margin-left:10%;--margin-right:0%;}.elementor-857 .elementor-element.elementor-element-25cfe0f:not(.elementor-motion-effects-element-type-background), .elementor-857 .elementor-element.elementor-element-25cfe0f > .elementor-motion-effects-container > .elementor-motion-effects-layer{background-color:var( --e-global-color-secondary );}.elementor-857 .elementor-element.elementor-element-25cfe0f:hover{background-color:var( --e-global-color-primary );}.elementor-widget-heading .elementor-heading-title{font-family:var( --e-global-typography-primary-font-family ), Sans-serif;font-size:var( --e-global-typography-primary-font-size );font-weight:var( --e-global-typography-primary-font-weight );line-height:var( --e-global-typography-primary-line-height );color:var( --e-global-color-primary );}.elementor-857 .elementor-element.elementor-element-60b04f3{text-align:center;}.elementor-857 .elementor-element.elementor-element-60b04f3 .elementor-heading-title{font-family:\"Roboto\", Sans-serif;font-size:18px;font-weight:400;line-height:28px;color:#FFFFFF;}.elementor-857 .elementor-element.elementor-element-ad1621f{text-align:center;}.elementor-857 .elementor-element.elementor-element-ad1621f .elementor-heading-title{font-family:\"Patua One\", Sans-serif;font-size:26px;font-weight:400;color:var( --e-global-color-text );}.elementor-857 .elementor-element.elementor-element-ad1621f > .elementor-widget-container{margin:20px 0px 20px 0px;}.elementor-widget-text-editor{font-family:var( --e-global-typography-text-font-family ), Sans-serif;font-size:var( --e-global-typography-text-font-size );font-weight:var( --e-global-typography-text-font-weight );line-height:var( --e-global-typography-text-line-height );color:var( --e-global-color-text );}.elementor-widget-text-editor.elementor-drop-cap-view-stacked .elementor-drop-cap{background-color:var( --e-global-color-primary );}.elementor-widget-text-editor.elementor-drop-cap-view-framed .elementor-drop-cap, .elementor-widget-text-editor.elementor-drop-cap-view-default .elementor-drop-cap{color:var( --e-global-color-primary );border-color:var( --e-global-color-primary );}.elementor-857 .elementor-element.elementor-element-43967bd{text-align:center;}@media(min-width:768px){.elementor-857 .elementor-element.elementor-element-25cfe0f{--width:80%;}}@media(max-width:1024px){.elementor-widget-image .widget-image-caption{font-size:var( --e-global-typography-text-font-size );line-height:var( --e-global-typography-text-line-height );}.elementor-widget-heading .elementor-heading-title{font-size:var( --e-global-typography-primary-font-size );line-height:var( --e-global-typography-primary-line-height );}.elementor-widget-text-editor{font-size:var( --e-global-typography-text-font-size );line-height:var( --e-global-typography-text-line-height );}}@media(max-width:767px){.elementor-857 .elementor-element.elementor-element-0af08a5{--content-width:100%;--justify-content:flex-end;--align-items:center;--container-widget-width:calc( ( 1 - var( --container-widget-flex-grow ) ) * 100% );--gap:0px 0px;--row-gap:0px;--column-gap:0px;--padding-top:13px;--padding-bottom:13px;--padding-left:13px;--padding-right:13px;}.elementor-widget-image .widget-image-caption{font-size:var( --e-global-typography-text-font-size );line-height:var( --e-global-typography-text-line-height );}.elementor-857 .elementor-element.elementor-element-69884eb{text-align:center;width:100%;max-width:100%;}.elementor-857 .elementor-element.elementor-element-69884eb img{width:100%;}.elementor-857 .elementor-element.elementor-element-25cfe0f{--flex-direction:row;--container-widget-width:calc( ( 1 - var( --container-widget-flex-grow ) ) * 100% );--container-widget-height:100%;--container-widget-flex-grow:1;--container-widget-align-self:stretch;--flex-wrap-mobile:wrap;--justify-content:center;--align-items:center;--margin-top:0px;--margin-bottom:0px;--margin-left:0px;--margin-right:0px;}.elementor-widget-heading .elementor-heading-title{font-size:var( --e-global-typography-primary-font-size );line-height:var( --e-global-typography-primary-line-height );}.elementor-widget-text-editor{font-size:var( --e-global-typography-text-font-size );line-height:var( --e-global-typography-text-line-height );}}<\/style>\t\t<div data-elementor-type=\"loop-item\" data-elementor-id=\"857\" class=\"elementor elementor-857 e-loop-item e-loop-item-56 \" data-elementor-post-type=\"elementor_library\" data-custom-edit-handle=\"1\">\n\t\t\t<div class=\"elementor-element elementor-element-0af08a5 e-flex e-con-boxed e-con e-parent\" data-id=\"0af08a5\" data-element_type=\"container\" data-e-type=\"container\">\n\t\t\t\t\t<div class=\"e-con-inner\">\n\t\t\t\t<div class=\"elementor-element elementor-element-69884eb elementor-widget-mobile__width-inherit elementor-widget elementor-widget-image\" data-id=\"69884eb\" data-element_type=\"widget\" data-e-type=\"widget\" data-widget_type=\"image.default\">\n\t\t\t\t<div class=\"elementor-widget-container\">\n\t\t\t\t\t\t\t\t\t\t\t\t\t\t\t\t<a href=\"https:\/\/bizibermeo.eus\/es\/categoria\/bocadillos-raciones-pizzas\/\">\n\t\t\t\t\t\t\t<img decoding=\"async\" src=\"https:\/\/bizibermeo.eus\/wp-content\/uploads\/elementor\/thumbs\/bocadillo2-qx1qsngryflgzxdtdz0x3mi0zr902a2lurrlwz2u14.jpg\" title=\"bocadillo2\" alt=\"bocadillo2\" loading=\"lazy\" \/>\t\t\t\t\t\t\t\t<\/a>\n\t\t\t\t\t\t\t\t\t\t\t\t\t\t\t<\/div>\n\t\t\t\t<\/div>\n\t\t<a class=\"elementor-element elementor-element-25cfe0f e-con-full e-flex e-con e-child\" data-id=\"25cfe0f\" data-element_type=\"container\" data-e-type=\"container\" data-settings=\"{&quot;background_background&quot;:&quot;classic&quot;}\" href=\"https:\/\/bizibermeo.eus\/es\/categoria\/bocadillos-raciones-pizzas\/\">\n\t\t\t\t<div class=\"elementor-element elementor-element-60b04f3 elementor-widget elementor-widget-heading\" data-id=\"60b04f3\" data-element_type=\"widget\" data-e-type=\"widget\" data-widget_type=\"heading.default\">\n\t\t\t\t<div class=\"elementor-widget-container\">\n\t\t\t\t\t<h2 class=\"elementor-heading-title elementor-size-default\">Bocadillos-Raciones-Pizzas<\/h2>\t\t\t\t<\/div>\n\t\t\t\t<\/div>\n\t\t\t\t<\/a>\n\t\t\t\t<div class=\"elementor-element elementor-element-ad1621f elementor-widget elementor-widget-heading\" data-id=\"ad1621f\" data-element_type=\"widget\" data-e-type=\"widget\" data-widget_type=\"heading.default\">\n\t\t\t\t<div class=\"elementor-widget-container\">\n\t\t\t\t\t<h2 class=\"elementor-heading-title elementor-size-default\">Bocadillos, raciones, pizzas...<\/h2>\t\t\t\t<\/div>\n\t\t\t\t<\/div>\n\t\t\t\t<div class=\"elementor-element elementor-element-43967bd elementor-widget elementor-widget-text-editor\" data-id=\"43967bd\" data-element_type=\"widget\" data-e-type=\"widget\" data-widget_type=\"text-editor.default\">\n\t\t\t\t<div class=\"elementor-widget-container\">\n\t\t\t\t\t\t\t\t\tCocina de la buena entre panes, pizzas y raciones de todo tipo y para todos los gustos: pasa un buen rato con tu familia, amigos o simplemente contigo mismo donde t\u00fa quieras.\t\t\t\t\t\t\t\t<\/div>\n\t\t\t\t<\/div>\n\t\t\t\t\t<\/div>\n\t\t\t\t<\/div>\n\t\t\t\t<\/div>\n\t\t\t\t<div data-elementor-type=\"loop-item\" data-elementor-id=\"857\" class=\"elementor elementor-857 e-loop-item e-loop-item-53 \" data-elementor-post-type=\"elementor_library\" data-custom-edit-handle=\"1\">\n\t\t\t<div class=\"elementor-element elementor-element-0af08a5 e-flex e-con-boxed e-con e-parent\" data-id=\"0af08a5\" data-element_type=\"container\" data-e-type=\"container\">\n\t\t\t\t\t<div class=\"e-con-inner\">\n\t\t\t\t<div class=\"elementor-element elementor-element-69884eb elementor-widget-mobile__width-inherit elementor-widget elementor-widget-image\" data-id=\"69884eb\" data-element_type=\"widget\" data-e-type=\"widget\" data-widget_type=\"image.default\">\n\t\t\t\t<div class=\"elementor-widget-container\">\n\t\t\t\t\t\t\t\t\t\t\t\t\t\t\t\t<a href=\"https:\/\/bizibermeo.eus\/es\/categoria\/carta-menu\/\">\n\t\t\t\t\t\t\t<img decoding=\"async\" src=\"https:\/\/bizibermeo.eus\/wp-content\/uploads\/elementor\/thumbs\/MARMITAKO-0001-LETRA-BARIK-scaled-qx1qsmixrlk6obf6jgmaj4qkeddmukyvin44fp487c.jpg\" title=\"MARMITAKO 0001 LETRA BARIK\" alt=\"MARMITAKO 0001 LETRA BARIK\" loading=\"lazy\" \/>\t\t\t\t\t\t\t\t<\/a>\n\t\t\t\t\t\t\t\t\t\t\t\t\t\t\t<\/div>\n\t\t\t\t<\/div>\n\t\t<a class=\"elementor-element elementor-element-25cfe0f e-con-full e-flex e-con e-child\" data-id=\"25cfe0f\" data-element_type=\"container\" data-e-type=\"container\" data-settings=\"{&quot;background_background&quot;:&quot;classic&quot;}\" href=\"https:\/\/bizibermeo.eus\/es\/categoria\/carta-menu\/\">\n\t\t\t\t<div class=\"elementor-element elementor-element-60b04f3 elementor-widget elementor-widget-heading\" data-id=\"60b04f3\" data-element_type=\"widget\" data-e-type=\"widget\" data-widget_type=\"heading.default\">\n\t\t\t\t<div class=\"elementor-widget-container\">\n\t\t\t\t\t<h2 class=\"elementor-heading-title elementor-size-default\">Carta-Men\u00fa<\/h2>\t\t\t\t<\/div>\n\t\t\t\t<\/div>\n\t\t\t\t<\/a>\n\t\t\t\t<div class=\"elementor-element elementor-element-ad1621f elementor-widget elementor-widget-heading\" data-id=\"ad1621f\" data-element_type=\"widget\" data-e-type=\"widget\" data-widget_type=\"heading.default\">\n\t\t\t\t<div class=\"elementor-widget-container\">\n\t\t\t\t\t<h2 class=\"elementor-heading-title elementor-size-default\">Para disfrutar en la mesa<\/h2>\t\t\t\t<\/div>\n\t\t\t\t<\/div>\n\t\t\t\t<div class=\"elementor-element elementor-element-43967bd elementor-widget elementor-widget-text-editor\" data-id=\"43967bd\" data-element_type=\"widget\" data-e-type=\"widget\" data-widget_type=\"text-editor.default\">\n\t\t\t\t<div class=\"elementor-widget-container\">\n\t\t\t\t\t\t\t\t\tDisfruta de nuestra gastronom\u00eda: desde los pescados frescos del d\u00eda, hasta los hortalizas m\u00e1s sabrosas de los caser\u00edos de la zona, pasando por las carnes m\u00e1s tiernas.\t\t\t\t\t\t\t\t<\/div>\n\t\t\t\t<\/div>\n\t\t\t\t\t<\/div>\n\t\t\t\t<\/div>\n\t\t\t\t<\/div>\n\t\t\t\t<div data-elementor-type=\"loop-item\" data-elementor-id=\"857\" class=\"elementor elementor-857 e-loop-item e-loop-item-59 \" data-elementor-post-type=\"elementor_library\" data-custom-edit-handle=\"1\">\n\t\t\t<div class=\"elementor-element elementor-element-0af08a5 e-flex e-con-boxed e-con e-parent\" data-id=\"0af08a5\" data-element_type=\"container\" data-e-type=\"container\">\n\t\t\t\t\t<div class=\"e-con-inner\">\n\t\t\t\t<div class=\"elementor-element elementor-element-69884eb elementor-widget-mobile__width-inherit elementor-widget elementor-widget-image\" data-id=\"69884eb\" data-element_type=\"widget\" data-e-type=\"widget\" data-widget_type=\"image.default\">\n\t\t\t\t<div class=\"elementor-widget-container\">\n\t\t\t\t\t\t\t\t\t\t\t\t\t\t\t\t<a href=\"https:\/\/bizibermeo.eus\/es\/categoria\/txikiteo-pintxos-es\/\">\n\t\t\t\t\t\t\t<img decoding=\"async\" src=\"https:\/\/bizibermeo.eus\/wp-content\/uploads\/elementor\/thumbs\/txikiteo-scaled-qx1qsmixrlk6obf6jgmaj4qkeddmukyvin44fp487c.jpg\" title=\"txikiteo\" alt=\"txikiteo\" loading=\"lazy\" \/>\t\t\t\t\t\t\t\t<\/a>\n\t\t\t\t\t\t\t\t\t\t\t\t\t\t\t<\/div>\n\t\t\t\t<\/div>\n\t\t<a class=\"elementor-element elementor-element-25cfe0f e-con-full e-flex e-con e-child\" data-id=\"25cfe0f\" data-element_type=\"container\" data-e-type=\"container\" data-settings=\"{&quot;background_background&quot;:&quot;classic&quot;}\" href=\"https:\/\/bizibermeo.eus\/es\/categoria\/txikiteo-pintxos-es\/\">\n\t\t\t\t<div class=\"elementor-element elementor-element-60b04f3 elementor-widget elementor-widget-heading\" data-id=\"60b04f3\" data-element_type=\"widget\" data-e-type=\"widget\" data-widget_type=\"heading.default\">\n\t\t\t\t<div class=\"elementor-widget-container\">\n\t\t\t\t\t<h2 class=\"elementor-heading-title elementor-size-default\">Txikiteo-Pintxos<\/h2>\t\t\t\t<\/div>\n\t\t\t\t<\/div>\n\t\t\t\t<\/a>\n\t\t\t\t<div class=\"elementor-element elementor-element-ad1621f elementor-widget elementor-widget-heading\" data-id=\"ad1621f\" data-element_type=\"widget\" data-e-type=\"widget\" data-widget_type=\"heading.default\">\n\t\t\t\t<div class=\"elementor-widget-container\">\n\t\t\t\t\t<h2 class=\"elementor-heading-title elementor-size-default\">\"Pintxos\" y \"txikiteo\"<\/h2>\t\t\t\t<\/div>\n\t\t\t\t<\/div>\n\t\t\t\t<div class=\"elementor-element elementor-element-43967bd elementor-widget elementor-widget-text-editor\" data-id=\"43967bd\" data-element_type=\"widget\" data-e-type=\"widget\" data-widget_type=\"text-editor.default\">\n\t\t\t\t<div class=\"elementor-widget-container\">\n\t\t\t\t\t\t\t\t\tIr de bar en bar en buena compa\u00f1\u00eda es una costumbre muy nuestra. Una ocasi\u00f3n \u00fanica para disfrutar de la cocina en miniatura rodeado de \u00abbermeotarras\u00bb. \t\t\t\t\t\t\t\t<\/div>\n\t\t\t\t<\/div>\n\t\t\t\t\t<\/div>\n\t\t\t\t<\/div>\n\t\t\t\t<\/div>\n\t\t\t\t<\/div>\n\t\t\t\t\t\t<\/div>\n\t\t\t\t<\/div>\n\t\t\t\t\t<\/div>\n\t\t\t\t<\/div>\n\t\t\t\t<\/div>\n\t\t","protected":false},"excerpt":{"rendered":"<p>Ven a visitarnos y disfruta de nuestra gastronom\u00eda: La mesa est\u00e1 lista. On egin!<\/p>\n","protected":false},"author":1,"featured_media":0,"parent":0,"menu_order":43,"comment_status":"closed","ping_status":"closed","template":"elementor_header_footer","meta":{"_acf_changed":false,"footnotes":""},"class_list":["post-2673","page","type-page","status-publish","hentry"],"acf":[],"yoast_head":"<!-- This site is optimized with the Yoast SEO plugin v27.2 - https:\/\/yoast.com\/product\/yoast-seo-wordpress\/ -->\n<title>D\u00f3nde comer - Bizi Bermeo<\/title>\n<meta name=\"robots\" content=\"index, follow, max-snippet:-1, max-image-preview:large, max-video-preview:-1\" \/>\n<link rel=\"canonical\" href=\"https:\/\/bizibermeo.eus\/es\/donde-comer\/\" \/>\n<meta property=\"og:locale\" content=\"es_ES\" \/>\n<meta property=\"og:type\" content=\"article\" \/>\n<meta property=\"og:title\" content=\"D\u00f3nde comer - Bizi Bermeo\" \/>\n<meta property=\"og:description\" content=\"Ven a visitarnos y disfruta de nuestra gastronom\u00eda: La mesa est\u00e1 lista. On egin!\" \/>\n<meta property=\"og:url\" content=\"https:\/\/bizibermeo.eus\/es\/donde-comer\/\" \/>\n<meta property=\"og:site_name\" content=\"Bizi Bermeo\" \/>\n<meta property=\"article:modified_time\" content=\"2024-10-31T14:16:28+00:00\" \/>\n<meta property=\"og:image\" content=\"https:\/\/bizibermeo.eus\/wp-content\/uploads\/2026\/03\/artza.jpg\" \/>\n\t<meta property=\"og:image:width\" content=\"1200\" \/>\n\t<meta property=\"og:image:height\" content=\"675\" \/>\n\t<meta property=\"og:image:type\" content=\"image\/jpeg\" \/>\n<meta name=\"twitter:card\" content=\"summary_large_image\" \/>\n<script type=\"application\/ld+json\" class=\"yoast-schema-graph\">{\"@context\":\"https:\/\/schema.org\",\"@graph\":[{\"@type\":\"WebPage\",\"@id\":\"https:\/\/bizibermeo.eus\/es\/donde-comer\/\",\"url\":\"https:\/\/bizibermeo.eus\/es\/donde-comer\/\",\"name\":\"D\u00f3nde comer - Bizi Bermeo\",\"isPartOf\":{\"@id\":\"https:\/\/bizibermeo.eus\/es\/#website\"},\"datePublished\":\"2024-10-07T11:02:30+00:00\",\"dateModified\":\"2024-10-31T14:16:28+00:00\",\"breadcrumb\":{\"@id\":\"https:\/\/bizibermeo.eus\/es\/donde-comer\/#breadcrumb\"},\"inLanguage\":\"es\",\"potentialAction\":[{\"@type\":\"ReadAction\",\"target\":[\"https:\/\/bizibermeo.eus\/es\/donde-comer\/\"]}]},{\"@type\":\"BreadcrumbList\",\"@id\":\"https:\/\/bizibermeo.eus\/es\/donde-comer\/#breadcrumb\",\"itemListElement\":[{\"@type\":\"ListItem\",\"position\":1,\"name\":\"Home\",\"item\":\"https:\/\/bizibermeo.eus\/es\/\"},{\"@type\":\"ListItem\",\"position\":2,\"name\":\"D\u00f3nde comer\"}]},{\"@type\":\"WebSite\",\"@id\":\"https:\/\/bizibermeo.eus\/es\/#website\",\"url\":\"https:\/\/bizibermeo.eus\/es\/\",\"name\":\"Bizi Bermeo\",\"description\":\"Ongi etorri Bermeora!\",\"publisher\":{\"@id\":\"https:\/\/bizibermeo.eus\/es\/#organization\"},\"potentialAction\":[{\"@type\":\"SearchAction\",\"target\":{\"@type\":\"EntryPoint\",\"urlTemplate\":\"https:\/\/bizibermeo.eus\/es\/?s={search_term_string}\"},\"query-input\":{\"@type\":\"PropertyValueSpecification\",\"valueRequired\":true,\"valueName\":\"search_term_string\"}}],\"inLanguage\":\"es\"},{\"@type\":\"Organization\",\"@id\":\"https:\/\/bizibermeo.eus\/es\/#organization\",\"name\":\"Bizi Bermeo\",\"url\":\"https:\/\/bizibermeo.eus\/es\/\",\"logo\":{\"@type\":\"ImageObject\",\"inLanguage\":\"es\",\"@id\":\"https:\/\/bizibermeo.eus\/es\/#\/schema\/logo\/image\/\",\"url\":\"https:\/\/bizibermeo.eus\/wp-content\/uploads\/2024\/10\/symbol.svg\",\"contentUrl\":\"https:\/\/bizibermeo.eus\/wp-content\/uploads\/2024\/10\/symbol.svg\",\"width\":333,\"height\":545,\"caption\":\"Bizi Bermeo\"},\"image\":{\"@id\":\"https:\/\/bizibermeo.eus\/es\/#\/schema\/logo\/image\/\"}}]}<\/script>\n<!-- \/ Yoast SEO plugin. -->","yoast_head_json":{"title":"D\u00f3nde comer - Bizi Bermeo","robots":{"index":"index","follow":"follow","max-snippet":"max-snippet:-1","max-image-preview":"max-image-preview:large","max-video-preview":"max-video-preview:-1"},"canonical":"https:\/\/bizibermeo.eus\/es\/donde-comer\/","og_locale":"es_ES","og_type":"article","og_title":"D\u00f3nde comer - Bizi Bermeo","og_description":"Ven a visitarnos y disfruta de nuestra gastronom\u00eda: La mesa est\u00e1 lista. On egin!","og_url":"https:\/\/bizibermeo.eus\/es\/donde-comer\/","og_site_name":"Bizi Bermeo","article_modified_time":"2024-10-31T14:16:28+00:00","og_image":[{"width":1200,"height":675,"url":"https:\/\/bizibermeo.eus\/wp-content\/uploads\/2026\/03\/artza.jpg","type":"image\/jpeg"}],"twitter_card":"summary_large_image","schema":{"@context":"https:\/\/schema.org","@graph":[{"@type":"WebPage","@id":"https:\/\/bizibermeo.eus\/es\/donde-comer\/","url":"https:\/\/bizibermeo.eus\/es\/donde-comer\/","name":"D\u00f3nde comer - Bizi Bermeo","isPartOf":{"@id":"https:\/\/bizibermeo.eus\/es\/#website"},"datePublished":"2024-10-07T11:02:30+00:00","dateModified":"2024-10-31T14:16:28+00:00","breadcrumb":{"@id":"https:\/\/bizibermeo.eus\/es\/donde-comer\/#breadcrumb"},"inLanguage":"es","potentialAction":[{"@type":"ReadAction","target":["https:\/\/bizibermeo.eus\/es\/donde-comer\/"]}]},{"@type":"BreadcrumbList","@id":"https:\/\/bizibermeo.eus\/es\/donde-comer\/#breadcrumb","itemListElement":[{"@type":"ListItem","position":1,"name":"Home","item":"https:\/\/bizibermeo.eus\/es\/"},{"@type":"ListItem","position":2,"name":"D\u00f3nde comer"}]},{"@type":"WebSite","@id":"https:\/\/bizibermeo.eus\/es\/#website","url":"https:\/\/bizibermeo.eus\/es\/","name":"Bizi Bermeo","description":"Ongi etorri Bermeora!","publisher":{"@id":"https:\/\/bizibermeo.eus\/es\/#organization"},"potentialAction":[{"@type":"SearchAction","target":{"@type":"EntryPoint","urlTemplate":"https:\/\/bizibermeo.eus\/es\/?s={search_term_string}"},"query-input":{"@type":"PropertyValueSpecification","valueRequired":true,"valueName":"search_term_string"}}],"inLanguage":"es"},{"@type":"Organization","@id":"https:\/\/bizibermeo.eus\/es\/#organization","name":"Bizi Bermeo","url":"https:\/\/bizibermeo.eus\/es\/","logo":{"@type":"ImageObject","inLanguage":"es","@id":"https:\/\/bizibermeo.eus\/es\/#\/schema\/logo\/image\/","url":"https:\/\/bizibermeo.eus\/wp-content\/uploads\/2024\/10\/symbol.svg","contentUrl":"https:\/\/bizibermeo.eus\/wp-content\/uploads\/2024\/10\/symbol.svg","width":333,"height":545,"caption":"Bizi Bermeo"},"image":{"@id":"https:\/\/bizibermeo.eus\/es\/#\/schema\/logo\/image\/"}}]}},"_links":{"self":[{"href":"https:\/\/bizibermeo.eus\/es\/wp-json\/wp\/v2\/pages\/2673","targetHints":{"allow":["GET"]}}],"collection":[{"href":"https:\/\/bizibermeo.eus\/es\/wp-json\/wp\/v2\/pages"}],"about":[{"href":"https:\/\/bizibermeo.eus\/es\/wp-json\/wp\/v2\/types\/page"}],"author":[{"embeddable":true,"href":"https:\/\/bizibermeo.eus\/es\/wp-json\/wp\/v2\/users\/1"}],"replies":[{"embeddable":true,"href":"https:\/\/bizibermeo.eus\/es\/wp-json\/wp\/v2\/comments?post=2673"}],"version-history":[{"count":10,"href":"https:\/\/bizibermeo.eus\/es\/wp-json\/wp\/v2\/pages\/2673\/revisions"}],"predecessor-version":[{"id":2687,"href":"https:\/\/bizibermeo.eus\/es\/wp-json\/wp\/v2\/pages\/2673\/revisions\/2687"}],"wp:attachment":[{"href":"https:\/\/bizibermeo.eus\/es\/wp-json\/wp\/v2\/media?parent=2673"}],"curies":[{"name":"wp","href":"https:\/\/api.w.org\/{rel}","templated":true}]}}